{"id":420,"date":"2016-04-04T09:26:44","date_gmt":"2016-04-04T07:26:44","guid":{"rendered":"http:\/\/4army.com.pl\/?page_id=420"},"modified":"2019-02-21T11:59:26","modified_gmt":"2019-02-21T10:59:26","slug":"contact","status":"publish","type":"page","link":"https:\/\/4army.com.pl\/en\/contact\/","title":{"rendered":"Contact"},"content":{"rendered":"<p><img decoding=\"async\" loading=\"lazy\" src=\"http:\/\/4clinic.pl\/wp-content\/uploads\/2019\/01\/fabryka.png\" width=\"18px;\" height=\"18px;\" alt=\"\" \/>&nbsp;REH4MAT S\u0142awomir Wro\u0144ski,<br \/>\nWidna G\u00f3ra, 37-500 Jaros\u0142aw,<br \/>\nul. Truskawkowa 17, Poland<br \/>\ntel. +48 16 621 42 20, +48 16 621 41 35,<br \/>\nfax +48 16 621 42 13,<br \/>\ne-mail: biuro@reh4mat.com<\/p>\n","protected":false},"excerpt":{"rendered":"<p>&nbsp;REH4MAT S\u0142awomir Wro\u0144ski, Widna G\u00f3ra, 37-500 Jaros\u0142aw, ul. Truskawkowa 17, Poland tel. +48 16 621 42 20, +48 16 621 41 35, fax +48 16 621 42 13, e-mail: biuro@reh4mat.com<\/p>\n","protected":false},"author":1,"featured_media":0,"parent":0,"menu_order":0,"comment_status":"closed","ping_status":"closed","template":"","meta":[],"_links":{"self":[{"href":"https:\/\/4army.com.pl\/en\/wp-json\/wp\/v2\/pages\/420"}],"collection":[{"href":"https:\/\/4army.com.pl\/en\/wp-json\/wp\/v2\/pages"}],"about":[{"href":"https:\/\/4army.com.pl\/en\/wp-json\/wp\/v2\/types\/page"}],"author":[{"embeddable":true,"href":"https:\/\/4army.com.pl\/en\/wp-json\/wp\/v2\/users\/1"}],"replies":[{"embeddable":true,"href":"https:\/\/4army.com.pl\/en\/wp-json\/wp\/v2\/comments?post=420"}],"version-history":[{"count":2,"href":"https:\/\/4army.com.pl\/en\/wp-json\/wp\/v2\/pages\/420\/revisions"}],"predecessor-version":[{"id":774,"href":"https:\/\/4army.com.pl\/en\/wp-json\/wp\/v2\/pages\/420\/revisions\/774"}],"wp:attachment":[{"href":"https:\/\/4army.com.pl\/en\/wp-json\/wp\/v2\/media?parent=420"}],"curies":[{"name":"wp","href":"https:\/\/api.w.org\/{rel}","templated":true}]}}